{"id":2,"date":"2019-06-24T17:13:34","date_gmt":"2019-06-24T15:13:34","guid":{"rendered":"http:\/\/arrascyclo.fr\/?page_id=2"},"modified":"2025-12-15T15:42:25","modified_gmt":"2025-12-15T14:42:25","slug":"page-d-exemple","status":"publish","type":"page","link":"http:\/\/arrascyclo.fr\/index.php\/page-d-exemple\/","title":{"rendered":"Le Club"},"content":{"rendered":"\n<p><a href=\"http:\/\/arrascyclo.fr\/index.php\/page-d-exemple\/historique\/\">Historique<\/a><\/p>\n\n\n\n<p><a href=\"http:\/\/arrascyclo.fr\/index.php\/page-d-exemple\/securite\/\">S\u00e9curit\u00e9<\/a><\/p>\n\n\n\n<p><a href=\"http:\/\/arrascyclo.fr\/wp-content\/uploads\/2025\/12\/programme-2026.png\" target=\"_blank\" rel=\"noreferrer noopener\">Activit\u00e9s 2026<\/a><\/p>\n\n\n\n<p><a href=\"http:\/\/arrascyclo.fr\/index.php\/page-d-exemple\/calendrier-reunions-et-sorties-club-2019\/\">Calendrier sorties clubs<\/a> <\/p>\n\n\n\n<p><a href=\"http:\/\/arrascyclo.fr\/index.php\/page-d-exemple\/tarif-licence-2019\/\" target=\"_blank\" rel=\"noreferrer noopener\">Licence 202<\/a>6<\/p>\n","protected":false},"excerpt":{"rendered":"<p>Historique S\u00e9curit\u00e9 Activit\u00e9s 2026 Calendrier sorties clubs Licence 2026<\/p>\n","protected":false},"author":1,"featured_media":0,"parent":0,"menu_order":0,"comment_status":"closed","ping_status":"open","template":"","meta":{"footnotes":""},"class_list":["post-2","page","type-page","status-publish","hentry"],"_links":{"self":[{"href":"http:\/\/arrascyclo.fr\/index.php\/wp-json\/wp\/v2\/pages\/2"}],"collection":[{"href":"http:\/\/arrascyclo.fr\/index.php\/wp-json\/wp\/v2\/pages"}],"about":[{"href":"http:\/\/arrascyclo.fr\/index.php\/wp-json\/wp\/v2\/types\/page"}],"author":[{"embeddable":true,"href":"http:\/\/arrascyclo.fr\/index.php\/wp-json\/wp\/v2\/users\/1"}],"replies":[{"embeddable":true,"href":"http:\/\/arrascyclo.fr\/index.php\/wp-json\/wp\/v2\/comments?post=2"}],"version-history":[{"count":34,"href":"http:\/\/arrascyclo.fr\/index.php\/wp-json\/wp\/v2\/pages\/2\/revisions"}],"predecessor-version":[{"id":4178,"href":"http:\/\/arrascyclo.fr\/index.php\/wp-json\/wp\/v2\/pages\/2\/revisions\/4178"}],"wp:attachment":[{"href":"http:\/\/arrascyclo.fr\/index.php\/wp-json\/wp\/v2\/media?parent=2"}],"curies":[{"name":"wp","href":"https:\/\/api.w.org\/{rel}","templated":true}]}}