{"id":480,"date":"2019-07-14T20:18:39","date_gmt":"2019-07-14T18:18:39","guid":{"rendered":"http:\/\/arrascyclo.fr\/?page_id=480"},"modified":"2025-12-08T17:10:41","modified_gmt":"2025-12-08T16:10:41","slug":"historique","status":"publish","type":"page","link":"http:\/\/arrascyclo.fr\/index.php\/page-d-exemple\/historique\/","title":{"rendered":"Historique"},"content":{"rendered":"\n<p class=\"has-very-light-gray-background-color has-background\"> Cr\u00e9ation du club cyclo en D\u00e9cembre 1973 sous le num\u00e9ro f\u00e9d\u00e9ral : 1375<br>* Premier nom :Arras V\u00e9lo Cyclo Club<br>* <strong>L&rsquo;initiateur et promoteur<\/strong> du cyclotourisme<strong> \u00e9tait Benjamin<\/strong> <strong>PUCHOIS<\/strong>.<br>* Le si\u00e8ge du club est situ\u00e9 \u00e0 cette \u00e9poque au local de la section cycliste de l&rsquo;Arras V\u00e9lo Club.<br>C&rsquo;est en 1984 que le titre du club change et devient : ARRAS CYCLOTOURISME et prend son ind\u00e9pendance vis \u00e0 vis de l&rsquo;AVC; il prend donc un nouveau num\u00e9ro f\u00e9d\u00e9ral :<br>Le si\u00e8ge du club est : Maison des soci\u00e9t\u00e9s, rue Aristide Briand \u00e0 ARRAS<br>* Le club change de si\u00e8ge le 11 f\u00e9vrier 1981 pour arriver au camping municipal, 138 rue du Temple, ARRAS.<br>* Le club change de si\u00e8ge en ao\u00fbt 2006 pour arriver au stade Emile Zola, rue Emile Zola \u00e0 ARRAS.   <\/p>\n\n\n\n<figure class=\"wp-block-image is-resized\"><a href=\"http:\/\/arrascyclo.fr\/wp-content\/uploads\/2019\/07\/BENJAMIN-PUCHOIS.png\"><img decoding=\"async\" width=\"322\" height=\"533\" src=\"http:\/\/arrascyclo.fr\/wp-content\/uploads\/2019\/07\/BENJAMIN-PUCHOIS.png\" alt=\"\" class=\"wp-image-738\" style=\"width:126px;height:209px\" srcset=\"http:\/\/arrascyclo.fr\/wp-content\/uploads\/2019\/07\/BENJAMIN-PUCHOIS.png 322w, http:\/\/arrascyclo.fr\/wp-content\/uploads\/2019\/07\/BENJAMIN-PUCHOIS-181x300.png 181w, http:\/\/arrascyclo.fr\/wp-content\/uploads\/2019\/07\/BENJAMIN-PUCHOIS-91x150.png 91w\" sizes=\"(max-width: 322px) 100vw, 322px\" \/><\/a><figcaption class=\"wp-element-caption\">Benjamin PUCHOIS<\/figcaption><\/figure>\n\n\n\n<p class=\"has-text-align-center has-cyan-bluish-gray-background-color has-background has-medium-font-size\"><strong>Les pr\u00e9sidents depuis la fondation du club<\/strong><\/p>\n\n\n<p>WURTZ\u00a0 \u00a0 \u00a0 \u00a0 \u00a0 \u00a0 \u00a0 \u00a0&#8211; 12\/1973 &#8211; 12\/1976<\/p>\n<p>LOTH\u00a0 \u00a0 \u00a0 \u00a0 \u00a0 \u00a0 \u00a0 \u00a0 \u00a0 &#8211; 12\/1976 &#8211; 12\/1978<\/p>\n<p>B. PUCHOIS\u00a0 \u00a0 \u00a0 \u00a0 &#8211; 12\/1978 &#8211; 12\/1981<\/p>\n<p>H. VERMEL\u00a0 \u00a0 \u00a0 \u00a0 \u00a0&#8211; 12\/1981 &#8211; 12\/1985<\/p>\n<p>Y. CAILLERETZ\u00a0 \u00a0&#8211; 12\/1985 &#8211; 12\/1991<\/p>\n<p>L. CARDAT\u00a0 \u00a0 \u00a0 \u00a0 \u00a0 &#8211; 12\/1991 &#8211; 12\/1993<\/p>\n<p>H. VERMEL\u00a0 \u00a0 \u00a0 \u00a0 \u00a0&#8211; 12\/1993 &#8211; 12\/1995<\/p>\n<p>J.F. VITOUX\u00a0 \u00a0 \u00a0 \u00a0 \u00a0&#8211; 12\/1995 &#8211; 12\/1998<\/p>\n<p>J.M. DRELON\u00a0 \u00a0 \u00a0 &#8211; 12\/1998 &#8211; 12\/2005<\/p>\n<p>G. DUMETZ\u00a0 \u00a0 \u00a0 \u00a0 \u00a0&#8211; 12\/2005 &#8211; 12\/2008<\/p>\n<p>J.M. DRELON\u00a0 \u00a0 \u00a0 &#8211; 12\/2008 &#8211; 12\/2013<\/p>\n<p>P. MICHEL\u00a0 \u00a0 \u00a0 \u00a0 \u00a0 \u00a0&#8211; 12\/2013 &#8211; 12\/2016<\/p>\n<p>S. MARCHAND\u00a0 \u00a0&#8211; 12\/2016 &#8211; 12\/2022<\/p>\n<p>J-M DRELON\u00a0 \u00a0 \u00a0 &#8211; 12\/2022 &#8211; 12\/2025<\/p>\n<p>P. BEAUSAERT\u00a0 \u00a0&#8211; 12\/2025<\/p>\n\n\n<p class=\"has-text-align-center has-cyan-bluish-gray-background-color has-background has-medium-font-size\"><strong>Les tenues<\/strong><\/p>\n\n\n\n<figure class=\"wp-block-gallery has-nested-images columns-5 is-cropped wp-block-gallery-1 is-layout-flex wp-block-gallery-is-layout-flex\">\n<figure class=\"wp-block-image size-large\"><img decoding=\"async\" width=\"285\" height=\"305\" data-id=\"1405\" src=\"https:\/\/arrascyclo.fr\/wp-content\/uploads\/2019\/07\/Capture1.png\" alt=\"\" class=\"wp-image-1405\" srcset=\"http:\/\/arrascyclo.fr\/wp-content\/uploads\/2019\/07\/Capture1.png 285w, http:\/\/arrascyclo.fr\/wp-content\/uploads\/2019\/07\/Capture1-280x300.png 280w, http:\/\/arrascyclo.fr\/wp-content\/uploads\/2019\/07\/Capture1-140x150.png 140w\" sizes=\"(max-width: 285px) 100vw, 285px\" \/><\/figure>\n\n\n\n<figure class=\"wp-block-image size-large\"><img decoding=\"async\" width=\"131\" height=\"140\" data-id=\"1401\" src=\"https:\/\/arrascyclo.fr\/wp-content\/uploads\/2019\/07\/rentree2000-Copie.jpg\" alt=\"\" class=\"wp-image-1401\"\/><figcaption class=\"wp-element-caption\">&#8230;.-2002<\/figcaption><\/figure>\n\n\n\n<figure class=\"wp-block-image size-large\"><img decoding=\"async\" width=\"290\" height=\"339\" data-id=\"1403\" src=\"https:\/\/arrascyclo.fr\/wp-content\/uploads\/2019\/07\/rentree2011-Copie.jpg\" alt=\"\" class=\"wp-image-1403\" srcset=\"http:\/\/arrascyclo.fr\/wp-content\/uploads\/2019\/07\/rentree2011-Copie.jpg 290w, http:\/\/arrascyclo.fr\/wp-content\/uploads\/2019\/07\/rentree2011-Copie-257x300.jpg 257w, http:\/\/arrascyclo.fr\/wp-content\/uploads\/2019\/07\/rentree2011-Copie-128x150.jpg 128w\" sizes=\"(max-width: 290px) 100vw, 290px\" \/><figcaption class=\"wp-element-caption\">2002-2015<\/figcaption><\/figure>\n\n\n\n<figure class=\"wp-block-image size-large\"><img decoding=\"async\" width=\"269\" height=\"286\" data-id=\"1402\" src=\"https:\/\/arrascyclo.fr\/wp-content\/uploads\/2019\/07\/rentree2017-Copie.jpg\" alt=\"\" class=\"wp-image-1402\" srcset=\"http:\/\/arrascyclo.fr\/wp-content\/uploads\/2019\/07\/rentree2017-Copie.jpg 269w, http:\/\/arrascyclo.fr\/wp-content\/uploads\/2019\/07\/rentree2017-Copie-141x150.jpg 141w\" sizes=\"(max-width: 269px) 100vw, 269px\" \/><figcaption class=\"wp-element-caption\"> 2015-2025<\/figcaption><\/figure>\n\n\n\n<figure class=\"wp-block-image size-large\"><img decoding=\"async\" width=\"656\" height=\"772\" data-id=\"4144\" src=\"https:\/\/arrascyclo.fr\/wp-content\/uploads\/2025\/12\/1.png\" alt=\"\" class=\"wp-image-4144\" srcset=\"http:\/\/arrascyclo.fr\/wp-content\/uploads\/2025\/12\/1.png 656w, http:\/\/arrascyclo.fr\/wp-content\/uploads\/2025\/12\/1-255x300.png 255w, http:\/\/arrascyclo.fr\/wp-content\/uploads\/2025\/12\/1-127x150.png 127w\" sizes=\"(max-width: 656px) 100vw, 656px\" \/><figcaption class=\"wp-element-caption\">DEPUIS 2026<\/figcaption><\/figure>\n<\/figure>\n\n\n\n<p><\/p>\n","protected":false},"excerpt":{"rendered":"<p>Cr\u00e9ation du club cyclo en D\u00e9cembre 1973 sous le num\u00e9ro f\u00e9d\u00e9ral : 1375* Premier nom :Arras V\u00e9lo Cyclo Club* L&rsquo;initiateur et promoteur du cyclotourisme \u00e9tait Benjamin PUCHOIS.* Le si\u00e8ge du club est situ\u00e9 \u00e0 cette \u00e9poque au local de la section cycliste de l&rsquo;Arras V\u00e9lo Club.C&rsquo;est en 1984 que le&#8230; <a class=\"continue-reading-link\" href=\"http:\/\/arrascyclo.fr\/index.php\/page-d-exemple\/historique\/\"> Continue reading <span class=\"meta-nav\">&rarr; <\/span><\/a><\/p>\n","protected":false},"author":1,"featured_media":0,"parent":2,"menu_order":0,"comment_status":"closed","ping_status":"closed","template":"","meta":{"footnotes":""},"class_list":["post-480","page","type-page","status-publish","hentry"],"_links":{"self":[{"href":"http:\/\/arrascyclo.fr\/index.php\/wp-json\/wp\/v2\/pages\/480"}],"collection":[{"href":"http:\/\/arrascyclo.fr\/index.php\/wp-json\/wp\/v2\/pages"}],"about":[{"href":"http:\/\/arrascyclo.fr\/index.php\/wp-json\/wp\/v2\/types\/page"}],"author":[{"embeddable":true,"href":"http:\/\/arrascyclo.fr\/index.php\/wp-json\/wp\/v2\/users\/1"}],"replies":[{"embeddable":true,"href":"http:\/\/arrascyclo.fr\/index.php\/wp-json\/wp\/v2\/comments?post=480"}],"version-history":[{"count":21,"href":"http:\/\/arrascyclo.fr\/index.php\/wp-json\/wp\/v2\/pages\/480\/revisions"}],"predecessor-version":[{"id":4214,"href":"http:\/\/arrascyclo.fr\/index.php\/wp-json\/wp\/v2\/pages\/480\/revisions\/4214"}],"up":[{"embeddable":true,"href":"http:\/\/arrascyclo.fr\/index.php\/wp-json\/wp\/v2\/pages\/2"}],"wp:attachment":[{"href":"http:\/\/arrascyclo.fr\/index.php\/wp-json\/wp\/v2\/media?parent=480"}],"curies":[{"name":"wp","href":"https:\/\/api.w.org\/{rel}","templated":true}]}}